{"id":5112,"date":"2024-12-13T13:01:44","date_gmt":"2024-12-13T13:01:44","guid":{"rendered":"https:\/\/verium.ch\/?page_id=5112"},"modified":"2025-04-01T07:49:25","modified_gmt":"2025-04-01T07:49:25","slug":"photography","status":"publish","type":"page","link":"https:\/\/verium.ch\/en\/photography\/","title":{"rendered":"Photography"},"content":{"rendered":"<p>[et_pb_section fb_built=&#8221;1&#8243; _builder_version=&#8221;4.27.4&#8243; _module_preset=&#8221;default&#8221; global_colors_info=&#8221;{}&#8221;][et_pb_row _builder_version=&#8221;4.27.4&#8243; _module_preset=&#8221;default&#8221; global_colors_info=&#8221;{}&#8221;][et_pb_column type=&#8221;4_4&#8243; _builder_version=&#8221;4.27.4&#8243; _module_preset=&#8221;default&#8221; global_colors_info=&#8221;{}&#8221;][et_pb_heading title=&#8221;Photography&#8221; _builder_version=&#8221;4.27.4&#8243; _module_preset=&#8221;default&#8221; global_colors_info=&#8221;{}&#8221;][\/et_pb_heading][\/et_pb_column][\/et_pb_row][et_pb_row column_structure=&#8221;3_4,1_4&#8243; _builder_version=&#8221;4.27.4&#8243; _module_preset=&#8221;default&#8221; custom_margin=&#8221;||20px||false|false&#8221; custom_padding=&#8221;|20px|||false|false&#8221; global_colors_info=&#8221;{}&#8221;][et_pb_column type=&#8221;3_4&#8243; _builder_version=&#8221;4.27.4&#8243; _module_preset=&#8221;default&#8221; global_colors_info=&#8221;{}&#8221;][et_pb_text _builder_version=&#8221;4.27.4&#8243; _module_preset=&#8221;default&#8221; global_colors_info=&#8221;{}&#8221;]<\/p>\n<p>Ralph Klohs, who lives in Stuttgart and the Engadin, and was born in 1976, dedicates himself to both individual creations for international companies as well as free, large-format projects. He employs a partly hyper-realistic depiction of details, which encourages us to become seekers in the oversized world of images.<\/p>\n<p>In the diverse spectrum of landscape photography, Ralph Klohs works on preserving special places and their atmospheres, as evident in his latest project for Verium. In his work &#8216;in m\u00f6d dal l\u00f6&#8217;, questioning positions, discovering new perspectives, leaving beaten paths and the comfort zone, and taking different stands are not only photographic approaches but also methods becoming visible parts of the final art.<\/p>\n<p>For the viewer, a mood is to be conveyed that makes the place experienceable but does not reveal all its secrets. This is also reflected in the resulting graphic compositions of the Grisons mountain world, which stand in dialogue with their transience and uniqueness.<\/p>\n<p>[\/et_pb_text][\/et_pb_column][et_pb_column type=&#8221;1_4&#8243; _builder_version=&#8221;4.27.4&#8243; _module_preset=&#8221;default&#8221; global_colors_info=&#8221;{}&#8221;][et_pb_image src=&#8221;https:\/\/verium.ch\/wp-content\/uploads\/2025\/03\/portrait_ralph_klohs.png&#8221; title_text=&#8221;portrait_ralph_klohs&#8221; _builder_version=&#8221;4.27.4&#8243; _module_preset=&#8221;default&#8221; global_colors_info=&#8221;{}&#8221;][\/et_pb_image][\/et_pb_column][\/et_pb_row][et_pb_row _builder_version=&#8221;4.27.4&#8243; _module_preset=&#8221;default&#8221; global_colors_info=&#8221;{}&#8221;][et_pb_column type=&#8221;4_4&#8243; _builder_version=&#8221;4.27.4&#8243; _module_preset=&#8221;default&#8221; global_colors_info=&#8221;{}&#8221;][et_pb_text _builder_version=&#8221;4.27.4&#8243; _module_preset=&#8221;default&#8221; hover_enabled=&#8221;0&#8243; global_colors_info=&#8221;{}&#8221; sticky_enabled=&#8221;0&#8243;]<\/p>\n<h5>Website Images &#8211; In Anim Dal L\u00f6<\/h5>\n<ul>\n<li><a href=\"https:\/\/verium.ch\/\">Home<\/a> \u2013 Val Chaschauna<\/li>\n<li><a href=\"\/en\/wealth-management\/\">Wealth Management<\/a> \u2013 Val dallas Nuorsas<\/li>\n<li><a href=\"\/en\/family-office\/\">Family Office<\/a> \u2013 Ova d`Escha<\/li>\n<li><a href=\"\/en\/private-market-solutions\/\">Private Market Solutions<\/a> \u2013 Alps d`Alvra<\/li>\n<li><a href=\"\/en\/direct-investments\/\">Direct Investments<\/a> \u2013 Vadret da Morteratsch<\/li>\n<li><a href=\"\/en\/real-estate\/\">Real Estate I<\/a> \u2013 Murt\u00e8l dil Crapalv<\/li>\n<li><a href=\"\/en\/real-estate\/\">Real Estate II<\/a> \u2013 Foura da l`Uertsch<\/li>\n<li><a href=\"\/en\/sustainability\/\">Sustainability<\/a> \u2013 Valragn<\/li>\n<li><a href=\"\/en\/team\/\">Team<\/a> &#8211; Guaud da Laresch<\/li>\n<\/ul>\n<p>[\/et_pb_text][\/et_pb_column][\/et_pb_row][\/et_pb_section]<\/p>\n","protected":false},"excerpt":{"rendered":"<p>Ralph Klohs, who lives in Stuttgart and the Engadin, and was born in 1976, dedicates himself to both individual creations for international companies as well as free, large-format projects. He employs a partly hyper-realistic depiction of details, which encourages us to become seekers in the oversized world of images. In the diverse spectrum of landscape [&hellip;]<\/p>\n","protected":false},"author":1,"featured_media":0,"parent":0,"menu_order":0,"comment_status":"closed","ping_status":"closed","template":"","meta":{"_acf_changed":false,"_et_pb_use_builder":"on","_et_pb_old_content":"<p>[et_pb_section fb_built=\"1\" _builder_version=\"4.27.4\" _module_preset=\"default\" global_colors_info=\"{}\"][et_pb_row _builder_version=\"4.27.4\" _module_preset=\"default\" global_colors_info=\"{}\"][et_pb_column type=\"4_4\" _builder_version=\"4.27.4\" _module_preset=\"default\" global_colors_info=\"{}\"][et_pb_heading title=\"Fotografie\" _builder_version=\"4.27.4\" _module_preset=\"default\" global_colors_info=\"{}\"][\/et_pb_heading][\/et_pb_column][\/et_pb_row][et_pb_row column_structure=\"3_5,2_5\" _builder_version=\"4.27.4\" _module_preset=\"default\" hover_enabled=\"0\" global_colors_info=\"{}\" custom_padding=\"|20px|||false|false\" custom_margin=\"||20px||false|false\" sticky_enabled=\"0\"][et_pb_column type=\"3_5\" _builder_version=\"4.27.4\" _module_preset=\"default\" global_colors_info=\"{}\"][et_pb_text _builder_version=\"4.27.4\" _module_preset=\"default\" hover_enabled=\"0\" global_colors_info=\"{}\" sticky_enabled=\"0\"]<\/p><p>Der in Stuttgart und im Engadin lebende Photograph Ralph Klohs, geb. 1976, widmet sich sowohl Auftragsarbeiten f\u00fcr internationale Unternehmen als auch freien, grossformatigen Projekten. Bei diesen bedient er sich einer teils<br \/>hyperrealischtischen Detailwiedergabe, die uns dazu auffordert zum Suchenden in der \u00fcberformatigen Bildwelt zu werden.<\/p><p>Im vielf\u00e4ltigen Spektrum der Landschaftsfotographie arbeitet Ralph Klohs an der Konservierung besonderer Orte und deren Stimmungen, so auch in seinem j\u00fcngsten Projekt f\u00fcr Verium. Positionen hinterfragen, Neues entdecken, ausgetretene Pfade sowie die Komfortzone verlassen und Standpunkte beziehen sind bei der j\u00fcngsten Arbeit 'in m\u00f6d dal l\u00f6' f\u00fcr Verium nicht nur fotografische Herangehensweisen, sondern sichtbar werdende Methoden.<\/p><p>F\u00fcr den Betrachter soll eine Stimmung transportiert werden, die den Ort erlebbar macht, ihm jedoch nicht alle Geheimnisse entreisst. Daf\u00fcr stehen auch die entstandenen grafischen Kompositionen der B\u00fcndner Bergwelt, welche im Dialog zu deren Verg\u00e4nglichkeit und Einzigartigkeit stehen.\u00bb<\/p><p>[\/et_pb_text][\/et_pb_column][et_pb_column _builder_version=\"4.27.4\" _module_preset=\"default\" type=\"2_5\"][et_pb_image src=\"https:\/\/verium.ch\/wp-content\/uploads\/2024\/12\/basefit_job_image.webp\" title_text=\"basefit_job_image\" _builder_version=\"4.27.4\" _module_preset=\"default\" global_colors_info=\"{}\"][\/et_pb_image][\/et_pb_column][\/et_pb_row][et_pb_row _builder_version=\"4.27.4\" _module_preset=\"default\" global_colors_info=\"{}\"][et_pb_column type=\"4_4\" _builder_version=\"4.27.4\" _module_preset=\"default\" global_colors_info=\"{}\"][et_pb_text _builder_version=\"4.27.4\" _module_preset=\"default\" hover_enabled=\"0\" sticky_enabled=\"0\"]<\/p><h5>Legende der platzierten Bilder auf dieser Webseite<\/h5><p>Home \u2013 Val Chaschauna<br \/>Wealth Management \u2013 Val dallas Nuorsas<br \/>Family Office \u2013 Ova d`Escha<br \/>Private Market Solutions \u2013 Alps d`Alvra<br \/>Direct Investments \/ Direktbeteiligungen \u2013 Vadret da Morteratsch<br \/>Real Estate \/ Immobilien I \u2013 Murt\u00e8l dil Crapalv<br \/>Real Estate \/ Immobilien II \u2013 Foura da l`Uertsch<br \/>Sustainability \/ Nachhaltigkeit \u2013 Valragn[\/et_pb_text][\/et_pb_column][\/et_pb_row][\/et_pb_section]<\/p>","_et_gb_content_width":"","footnotes":""},"class_list":["post-5112","page","type-page","status-publish","hentry"],"acf":[],"yoast_head":"<!-- This site is optimized with the Yoast SEO plugin v26.4 - https:\/\/yoast.com\/wordpress\/plugins\/seo\/ -->\n<title>Photography | Verium AG<\/title>\n<meta name=\"robots\" content=\"index, follow, max-snippet:-1, max-image-preview:large, max-video-preview:-1\" \/>\n<link rel=\"canonical\" href=\"https:\/\/verium.ch\/en\/photography\/\" \/>\n<meta property=\"og:locale\" content=\"en_US\" \/>\n<meta property=\"og:type\" content=\"article\" \/>\n<meta property=\"og:title\" content=\"Photography | Verium AG\" \/>\n<meta property=\"og:description\" content=\"Ralph Klohs, who lives in Stuttgart and the Engadin, and was born in 1976, dedicates himself to both individual creations for international companies as well as free, large-format projects. He employs a partly hyper-realistic depiction of details, which encourages us to become seekers in the oversized world of images. In the diverse spectrum of landscape [&hellip;]\" \/>\n<meta property=\"og:url\" content=\"https:\/\/verium.ch\/en\/photography\/\" \/>\n<meta property=\"og:site_name\" content=\"Verium AG\" \/>\n<meta property=\"article:modified_time\" content=\"2025-04-01T07:49:25+00:00\" \/>\n<meta property=\"og:image\" content=\"https:\/\/verium.ch\/wp-content\/uploads\/2025\/03\/Val_Chaschauna-scaled.webp\" \/>\n\t<meta property=\"og:image:width\" content=\"2560\" \/>\n\t<meta property=\"og:image:height\" content=\"1707\" \/>\n\t<meta property=\"og:image:type\" content=\"image\/webp\" \/>\n<meta name=\"twitter:card\" content=\"summary_large_image\" \/>\n<meta name=\"twitter:label1\" content=\"Est. reading time\" \/>\n\t<meta name=\"twitter:data1\" content=\"2 minutes\" \/>\n<script type=\"application\/ld+json\" class=\"yoast-schema-graph\">{\"@context\":\"https:\/\/schema.org\",\"@graph\":[{\"@type\":\"WebPage\",\"@id\":\"https:\/\/verium.ch\/en\/photography\/\",\"url\":\"https:\/\/verium.ch\/en\/photography\/\",\"name\":\"Photography | Verium AG\",\"isPartOf\":{\"@id\":\"https:\/\/verium.ch\/en\/#website\"},\"datePublished\":\"2024-12-13T13:01:44+00:00\",\"dateModified\":\"2025-04-01T07:49:25+00:00\",\"breadcrumb\":{\"@id\":\"https:\/\/verium.ch\/en\/photography\/#breadcrumb\"},\"inLanguage\":\"en-US\",\"potentialAction\":[{\"@type\":\"ReadAction\",\"target\":[\"https:\/\/verium.ch\/en\/photography\/\"]}]},{\"@type\":\"BreadcrumbList\",\"@id\":\"https:\/\/verium.ch\/en\/photography\/#breadcrumb\",\"itemListElement\":[{\"@type\":\"ListItem\",\"position\":1,\"name\":\"Startseite\",\"item\":\"https:\/\/verium.ch\/en\/\"},{\"@type\":\"ListItem\",\"position\":2,\"name\":\"Photography\"}]},{\"@type\":\"WebSite\",\"@id\":\"https:\/\/verium.ch\/en\/#website\",\"url\":\"https:\/\/verium.ch\/en\/\",\"name\":\"Verium AG\",\"description\":\"Gemeinsam unternehmerisch investieren.\",\"publisher\":{\"@id\":\"https:\/\/verium.ch\/en\/#organization\"},\"alternateName\":\"Verium\",\"potentialAction\":[{\"@type\":\"SearchAction\",\"target\":{\"@type\":\"EntryPoint\",\"urlTemplate\":\"https:\/\/verium.ch\/en\/?s={search_term_string}\"},\"query-input\":{\"@type\":\"PropertyValueSpecification\",\"valueRequired\":true,\"valueName\":\"search_term_string\"}}],\"inLanguage\":\"en-US\"},{\"@type\":\"Organization\",\"@id\":\"https:\/\/verium.ch\/en\/#organization\",\"name\":\"Verium AG\",\"alternateName\":\"Verium\",\"url\":\"https:\/\/verium.ch\/en\/\",\"logo\":{\"@type\":\"ImageObject\",\"inLanguage\":\"en-US\",\"@id\":\"https:\/\/verium.ch\/en\/#\/schema\/logo\/image\/\",\"url\":\"https:\/\/verium.ch\/wp-content\/uploads\/2024\/12\/verium-logo.svg\",\"contentUrl\":\"https:\/\/verium.ch\/wp-content\/uploads\/2024\/12\/verium-logo.svg\",\"width\":228,\"height\":46,\"caption\":\"Verium AG\"},\"image\":{\"@id\":\"https:\/\/verium.ch\/en\/#\/schema\/logo\/image\/\"},\"sameAs\":[\"https:\/\/www.linkedin.com\/company\/verium-ag\"]}]}<\/script>\n<!-- \/ Yoast SEO plugin. -->","yoast_head_json":{"title":"Photography | Verium AG","robots":{"index":"index","follow":"follow","max-snippet":"max-snippet:-1","max-image-preview":"max-image-preview:large","max-video-preview":"max-video-preview:-1"},"canonical":"https:\/\/verium.ch\/en\/photography\/","og_locale":"en_US","og_type":"article","og_title":"Photography | Verium AG","og_description":"Ralph Klohs, who lives in Stuttgart and the Engadin, and was born in 1976, dedicates himself to both individual creations for international companies as well as free, large-format projects. He employs a partly hyper-realistic depiction of details, which encourages us to become seekers in the oversized world of images. In the diverse spectrum of landscape [&hellip;]","og_url":"https:\/\/verium.ch\/en\/photography\/","og_site_name":"Verium AG","article_modified_time":"2025-04-01T07:49:25+00:00","og_image":[{"width":2560,"height":1707,"url":"https:\/\/verium.ch\/wp-content\/uploads\/2025\/03\/Val_Chaschauna-scaled.webp","type":"image\/webp"}],"twitter_card":"summary_large_image","twitter_misc":{"Est. reading time":"2 minutes"},"schema":{"@context":"https:\/\/schema.org","@graph":[{"@type":"WebPage","@id":"https:\/\/verium.ch\/en\/photography\/","url":"https:\/\/verium.ch\/en\/photography\/","name":"Photography | Verium AG","isPartOf":{"@id":"https:\/\/verium.ch\/en\/#website"},"datePublished":"2024-12-13T13:01:44+00:00","dateModified":"2025-04-01T07:49:25+00:00","breadcrumb":{"@id":"https:\/\/verium.ch\/en\/photography\/#breadcrumb"},"inLanguage":"en-US","potentialAction":[{"@type":"ReadAction","target":["https:\/\/verium.ch\/en\/photography\/"]}]},{"@type":"BreadcrumbList","@id":"https:\/\/verium.ch\/en\/photography\/#breadcrumb","itemListElement":[{"@type":"ListItem","position":1,"name":"Startseite","item":"https:\/\/verium.ch\/en\/"},{"@type":"ListItem","position":2,"name":"Photography"}]},{"@type":"WebSite","@id":"https:\/\/verium.ch\/en\/#website","url":"https:\/\/verium.ch\/en\/","name":"Verium AG","description":"Gemeinsam unternehmerisch investieren.","publisher":{"@id":"https:\/\/verium.ch\/en\/#organization"},"alternateName":"Verium","potentialAction":[{"@type":"SearchAction","target":{"@type":"EntryPoint","urlTemplate":"https:\/\/verium.ch\/en\/?s={search_term_string}"},"query-input":{"@type":"PropertyValueSpecification","valueRequired":true,"valueName":"search_term_string"}}],"inLanguage":"en-US"},{"@type":"Organization","@id":"https:\/\/verium.ch\/en\/#organization","name":"Verium AG","alternateName":"Verium","url":"https:\/\/verium.ch\/en\/","logo":{"@type":"ImageObject","inLanguage":"en-US","@id":"https:\/\/verium.ch\/en\/#\/schema\/logo\/image\/","url":"https:\/\/verium.ch\/wp-content\/uploads\/2024\/12\/verium-logo.svg","contentUrl":"https:\/\/verium.ch\/wp-content\/uploads\/2024\/12\/verium-logo.svg","width":228,"height":46,"caption":"Verium AG"},"image":{"@id":"https:\/\/verium.ch\/en\/#\/schema\/logo\/image\/"},"sameAs":["https:\/\/www.linkedin.com\/company\/verium-ag"]}]}},"_links":{"self":[{"href":"https:\/\/verium.ch\/en\/wp-json\/wp\/v2\/pages\/5112","targetHints":{"allow":["GET"]}}],"collection":[{"href":"https:\/\/verium.ch\/en\/wp-json\/wp\/v2\/pages"}],"about":[{"href":"https:\/\/verium.ch\/en\/wp-json\/wp\/v2\/types\/page"}],"author":[{"embeddable":true,"href":"https:\/\/verium.ch\/en\/wp-json\/wp\/v2\/users\/1"}],"replies":[{"embeddable":true,"href":"https:\/\/verium.ch\/en\/wp-json\/wp\/v2\/comments?post=5112"}],"version-history":[{"count":18,"href":"https:\/\/verium.ch\/en\/wp-json\/wp\/v2\/pages\/5112\/revisions"}],"predecessor-version":[{"id":6120,"href":"https:\/\/verium.ch\/en\/wp-json\/wp\/v2\/pages\/5112\/revisions\/6120"}],"wp:attachment":[{"href":"https:\/\/verium.ch\/en\/wp-json\/wp\/v2\/media?parent=5112"}],"curies":[{"name":"wp","href":"https:\/\/api.w.org\/{rel}","templated":true}]}}