{"id":3988,"date":"2024-12-04T12:23:23","date_gmt":"2024-12-04T12:23:23","guid":{"rendered":"https:\/\/verium.ch\/?page_id=3988"},"modified":"2025-03-31T06:45:54","modified_gmt":"2025-03-31T06:45:54","slug":"privacy","status":"publish","type":"page","link":"https:\/\/verium.ch\/en\/privacy\/","title":{"rendered":"Privacy"},"content":{"rendered":"<p>[et_pb_section fb_built=&#8221;1&#8243; _builder_version=&#8221;4.27.4&#8243; _module_preset=&#8221;default&#8221; global_colors_info=&#8221;{}&#8221;][et_pb_row _builder_version=&#8221;4.27.4&#8243; _module_preset=&#8221;default&#8221; global_colors_info=&#8221;{}&#8221;][et_pb_column type=&#8221;4_4&#8243; _builder_version=&#8221;4.27.4&#8243; _module_preset=&#8221;default&#8221; global_colors_info=&#8221;{}&#8221;][et_pb_code _builder_version=&#8221;4.27.4&#8243; _module_preset=&#8221;default&#8221; hover_enabled=&#8221;0&#8243; global_colors_info=&#8221;{}&#8221; sticky_enabled=&#8221;0&#8243;]<script src=\"https:\/\/app.privacybee.io\/widget.js\" defer><\/script><!-- [et_pb_line_break_holder] --><!-- [et_pb_line_break_holder] --><privacybee-widget website-id=\"clm7nofew00bfxq20n2dslbvm\" type=\"dsg\" lang=\"en\"><\/privacybee-widget>[\/et_pb_code][\/et_pb_column][\/et_pb_row][\/et_pb_section]<\/p>\n","protected":false},"excerpt":{"rendered":"","protected":false},"author":1,"featured_media":0,"parent":0,"menu_order":0,"comment_status":"closed","ping_status":"closed","template":"","meta":{"_acf_changed":false,"_et_pb_use_builder":"on","_et_pb_old_content":"[et_pb_section fb_built=\"1\" admin_label=\"section\" _builder_version=\"4.16\" global_colors_info=\"{}\"][et_pb_row admin_label=\"row\" _builder_version=\"4.16\" background_size=\"initial\" background_position=\"top_left\" background_repeat=\"repeat\" global_colors_info=\"{}\"][et_pb_column type=\"4_4\" _builder_version=\"4.16\" custom_padding=\"|||\" global_colors_info=\"{}\" custom_padding__hover=\"|||\"][et_pb_heading title=\"Datenschutzerkl\u00e4rung\" _builder_version=\"4.27.4\" _module_preset=\"default\" global_colors_info=\"{}\"][\/et_pb_heading][et_pb_text admin_label=\"Text\" _builder_version=\"4.27.4\" background_size=\"initial\" background_position=\"top_left\" background_repeat=\"repeat\" global_colors_info=\"{}\"]<p>Zuletzt aktualisiert am 30. November 2024<\/p>[\/et_pb_text][et_pb_text _builder_version=\"4.27.4\" _module_preset=\"default\" global_colors_info=\"{}\"]<p>Ein transparenter Umgang mit Personendaten ist uns ein sehr wichtiges Anliegen. Die vorliegende Datenschutzerkl\u00e4rung informiert dar\u00fcber, welche Personendaten wir zu welchem Zweck erheben und an wen wir diese weitergeben. Wir \u00fcberpr\u00fcfen und erneuern diese Datenschutzerkl\u00e4rung regelm\u00e4ssig, um h\u00f6chste Transparenz gew\u00e4hrleisten zu k\u00f6nnen.<\/p>[\/et_pb_text][\/et_pb_column][\/et_pb_row][\/et_pb_section]","_et_gb_content_width":"","footnotes":""},"class_list":["post-3988","page","type-page","status-publish","hentry"],"acf":[],"yoast_head":"<!-- This site is optimized with the Yoast SEO plugin v26.4 - https:\/\/yoast.com\/wordpress\/plugins\/seo\/ -->\n<title>Privacy | Verium AG<\/title>\n<meta name=\"robots\" content=\"index, follow, max-snippet:-1, max-image-preview:large, max-video-preview:-1\" \/>\n<link rel=\"canonical\" href=\"https:\/\/verium.ch\/en\/privacy\/\" \/>\n<meta property=\"og:locale\" content=\"en_US\" \/>\n<meta property=\"og:type\" content=\"article\" \/>\n<meta property=\"og:title\" content=\"Privacy | Verium AG\" \/>\n<meta property=\"og:url\" content=\"https:\/\/verium.ch\/en\/privacy\/\" \/>\n<meta property=\"og:site_name\" content=\"Verium AG\" \/>\n<meta property=\"article:modified_time\" content=\"2025-03-31T06:45:54+00:00\" \/>\n<meta property=\"og:image\" content=\"https:\/\/verium.ch\/wp-content\/uploads\/2025\/03\/Val_Chaschauna-scaled.webp\" \/>\n\t<meta property=\"og:image:width\" content=\"2560\" \/>\n\t<meta property=\"og:image:height\" content=\"1707\" \/>\n\t<meta property=\"og:image:type\" content=\"image\/webp\" \/>\n<meta name=\"twitter:card\" content=\"summary_large_image\" \/>\n<script type=\"application\/ld+json\" class=\"yoast-schema-graph\">{\"@context\":\"https:\/\/schema.org\",\"@graph\":[{\"@type\":\"WebPage\",\"@id\":\"https:\/\/verium.ch\/en\/privacy\/\",\"url\":\"https:\/\/verium.ch\/en\/privacy\/\",\"name\":\"Privacy | Verium AG\",\"isPartOf\":{\"@id\":\"https:\/\/verium.ch\/en\/#website\"},\"datePublished\":\"2024-12-04T12:23:23+00:00\",\"dateModified\":\"2025-03-31T06:45:54+00:00\",\"breadcrumb\":{\"@id\":\"https:\/\/verium.ch\/en\/privacy\/#breadcrumb\"},\"inLanguage\":\"en-US\",\"potentialAction\":[{\"@type\":\"ReadAction\",\"target\":[\"https:\/\/verium.ch\/en\/privacy\/\"]}]},{\"@type\":\"BreadcrumbList\",\"@id\":\"https:\/\/verium.ch\/en\/privacy\/#breadcrumb\",\"itemListElement\":[{\"@type\":\"ListItem\",\"position\":1,\"name\":\"Startseite\",\"item\":\"https:\/\/verium.ch\/en\/\"},{\"@type\":\"ListItem\",\"position\":2,\"name\":\"Privacy\"}]},{\"@type\":\"WebSite\",\"@id\":\"https:\/\/verium.ch\/en\/#website\",\"url\":\"https:\/\/verium.ch\/en\/\",\"name\":\"Verium AG\",\"description\":\"Gemeinsam unternehmerisch investieren.\",\"publisher\":{\"@id\":\"https:\/\/verium.ch\/en\/#organization\"},\"alternateName\":\"Verium\",\"potentialAction\":[{\"@type\":\"SearchAction\",\"target\":{\"@type\":\"EntryPoint\",\"urlTemplate\":\"https:\/\/verium.ch\/en\/?s={search_term_string}\"},\"query-input\":{\"@type\":\"PropertyValueSpecification\",\"valueRequired\":true,\"valueName\":\"search_term_string\"}}],\"inLanguage\":\"en-US\"},{\"@type\":\"Organization\",\"@id\":\"https:\/\/verium.ch\/en\/#organization\",\"name\":\"Verium AG\",\"alternateName\":\"Verium\",\"url\":\"https:\/\/verium.ch\/en\/\",\"logo\":{\"@type\":\"ImageObject\",\"inLanguage\":\"en-US\",\"@id\":\"https:\/\/verium.ch\/en\/#\/schema\/logo\/image\/\",\"url\":\"https:\/\/verium.ch\/wp-content\/uploads\/2024\/12\/verium-logo.svg\",\"contentUrl\":\"https:\/\/verium.ch\/wp-content\/uploads\/2024\/12\/verium-logo.svg\",\"width\":228,\"height\":46,\"caption\":\"Verium AG\"},\"image\":{\"@id\":\"https:\/\/verium.ch\/en\/#\/schema\/logo\/image\/\"},\"sameAs\":[\"https:\/\/www.linkedin.com\/company\/verium-ag\"]}]}<\/script>\n<!-- \/ Yoast SEO plugin. -->","yoast_head_json":{"title":"Privacy | Verium AG","robots":{"index":"index","follow":"follow","max-snippet":"max-snippet:-1","max-image-preview":"max-image-preview:large","max-video-preview":"max-video-preview:-1"},"canonical":"https:\/\/verium.ch\/en\/privacy\/","og_locale":"en_US","og_type":"article","og_title":"Privacy | Verium AG","og_url":"https:\/\/verium.ch\/en\/privacy\/","og_site_name":"Verium AG","article_modified_time":"2025-03-31T06:45:54+00:00","og_image":[{"width":2560,"height":1707,"url":"https:\/\/verium.ch\/wp-content\/uploads\/2025\/03\/Val_Chaschauna-scaled.webp","type":"image\/webp"}],"twitter_card":"summary_large_image","schema":{"@context":"https:\/\/schema.org","@graph":[{"@type":"WebPage","@id":"https:\/\/verium.ch\/en\/privacy\/","url":"https:\/\/verium.ch\/en\/privacy\/","name":"Privacy | Verium AG","isPartOf":{"@id":"https:\/\/verium.ch\/en\/#website"},"datePublished":"2024-12-04T12:23:23+00:00","dateModified":"2025-03-31T06:45:54+00:00","breadcrumb":{"@id":"https:\/\/verium.ch\/en\/privacy\/#breadcrumb"},"inLanguage":"en-US","potentialAction":[{"@type":"ReadAction","target":["https:\/\/verium.ch\/en\/privacy\/"]}]},{"@type":"BreadcrumbList","@id":"https:\/\/verium.ch\/en\/privacy\/#breadcrumb","itemListElement":[{"@type":"ListItem","position":1,"name":"Startseite","item":"https:\/\/verium.ch\/en\/"},{"@type":"ListItem","position":2,"name":"Privacy"}]},{"@type":"WebSite","@id":"https:\/\/verium.ch\/en\/#website","url":"https:\/\/verium.ch\/en\/","name":"Verium AG","description":"Gemeinsam unternehmerisch investieren.","publisher":{"@id":"https:\/\/verium.ch\/en\/#organization"},"alternateName":"Verium","potentialAction":[{"@type":"SearchAction","target":{"@type":"EntryPoint","urlTemplate":"https:\/\/verium.ch\/en\/?s={search_term_string}"},"query-input":{"@type":"PropertyValueSpecification","valueRequired":true,"valueName":"search_term_string"}}],"inLanguage":"en-US"},{"@type":"Organization","@id":"https:\/\/verium.ch\/en\/#organization","name":"Verium AG","alternateName":"Verium","url":"https:\/\/verium.ch\/en\/","logo":{"@type":"ImageObject","inLanguage":"en-US","@id":"https:\/\/verium.ch\/en\/#\/schema\/logo\/image\/","url":"https:\/\/verium.ch\/wp-content\/uploads\/2024\/12\/verium-logo.svg","contentUrl":"https:\/\/verium.ch\/wp-content\/uploads\/2024\/12\/verium-logo.svg","width":228,"height":46,"caption":"Verium AG"},"image":{"@id":"https:\/\/verium.ch\/en\/#\/schema\/logo\/image\/"},"sameAs":["https:\/\/www.linkedin.com\/company\/verium-ag"]}]}},"_links":{"self":[{"href":"https:\/\/verium.ch\/en\/wp-json\/wp\/v2\/pages\/3988","targetHints":{"allow":["GET"]}}],"collection":[{"href":"https:\/\/verium.ch\/en\/wp-json\/wp\/v2\/pages"}],"about":[{"href":"https:\/\/verium.ch\/en\/wp-json\/wp\/v2\/types\/page"}],"author":[{"embeddable":true,"href":"https:\/\/verium.ch\/en\/wp-json\/wp\/v2\/users\/1"}],"replies":[{"embeddable":true,"href":"https:\/\/verium.ch\/en\/wp-json\/wp\/v2\/comments?post=3988"}],"version-history":[{"count":6,"href":"https:\/\/verium.ch\/en\/wp-json\/wp\/v2\/pages\/3988\/revisions"}],"predecessor-version":[{"id":6074,"href":"https:\/\/verium.ch\/en\/wp-json\/wp\/v2\/pages\/3988\/revisions\/6074"}],"wp:attachment":[{"href":"https:\/\/verium.ch\/en\/wp-json\/wp\/v2\/media?parent=3988"}],"curies":[{"name":"wp","href":"https:\/\/api.w.org\/{rel}","templated":true}]}}