{"id":3874,"date":"2025-01-21T15:17:33","date_gmt":"2025-01-21T13:17:33","guid":{"rendered":"https:\/\/verium.ch\/?page_id=3874"},"modified":"2025-10-15T08:39:47","modified_gmt":"2025-10-15T06:39:47","slug":"sustainability","status":"publish","type":"page","link":"https:\/\/verium.ch\/en\/sustainability\/","title":{"rendered":"Sustainability"},"content":{"rendered":"<p>[et_pb_section fb_built=&#8221;1&#8243; module_class=&#8221;verium-page-title-section&#8221; _builder_version=&#8221;4.27.4&#8243; _module_preset=&#8221;default&#8221; locked=&#8221;off&#8221; global_colors_info=&#8221;{}&#8221;][et_pb_row _builder_version=&#8221;4.27.4&#8243; _module_preset=&#8221;default&#8221; global_colors_info=&#8221;{}&#8221;][et_pb_column type=&#8221;4_4&#8243; _builder_version=&#8221;4.27.4&#8243; _module_preset=&#8221;default&#8221; global_colors_info=&#8221;{}&#8221;][et_pb_text content_tablet=&#8221;<\/p>\n<h1>Sustainability<\/h1>\n<h4>Investing Sustainably,%91text_break%93 Creating Lasting Value.<\/h4>\n<p>&#8221; content_phone=&#8221;<\/p>\n<h1>Sustainability<\/h1>\n<h4>Investing Sustainably,%91text_break%93 Creating Lasting Value.<\/h4>\n<p>&#8221; content_last_edited=&#8221;on|phone&#8221; _builder_version=&#8221;4.27.4&#8243; _module_preset=&#8221;default&#8221; global_colors_info=&#8221;{}&#8221;]<\/p>\n<h1>Sustainability<\/h1>\n<h4>Investing Sustainably, Creating Lasting Value.<\/h4>\n<p>[\/et_pb_text][\/et_pb_column][\/et_pb_row][\/et_pb_section][et_pb_section fb_built=&#8221;1&#8243; fullwidth=&#8221;on&#8221; _builder_version=&#8221;4.27.4&#8243; _module_preset=&#8221;default&#8221; locked=&#8221;off&#8221; global_colors_info=&#8221;{}&#8221;][et_pb_fullwidth_image src=&#8221;https:\/\/verium.ch\/wp-content\/uploads\/2025\/03\/Valragn-scaled.webp&#8221; title_text=&#8221;Valragn&#8221; module_class=&#8221;verium-img-min-height&#8221; _builder_version=&#8221;4.27.4&#8243; _module_preset=&#8221;default&#8221; global_colors_info=&#8221;{}&#8221;][\/et_pb_fullwidth_image][\/et_pb_section][et_pb_section fb_built=&#8221;1&#8243; _builder_version=&#8221;4.27.4&#8243; _module_preset=&#8221;default&#8221; background_enable_color=&#8221;off&#8221; custom_padding=&#8221;3rem||3rem||false|false&#8221; locked=&#8221;off&#8221; global_colors_info=&#8221;{}&#8221;][et_pb_row _builder_version=&#8221;4.27.4&#8243; _module_preset=&#8221;default&#8221; custom_padding=&#8221;||0px|||&#8221; motion_trigger_start=&#8221;top&#8221; global_colors_info=&#8221;{}&#8221;][et_pb_column type=&#8221;4_4&#8243; _builder_version=&#8221;4.27.4&#8243; _module_preset=&#8221;default&#8221; global_colors_info=&#8221;{}&#8221;][et_pb_text _builder_version=&#8221;4.27.4&#8243; _module_preset=&#8221;default&#8221; global_colors_info=&#8221;{}&#8221;]<\/p>\n<h2><span style=\"color: #af8a1e;\"><span style=\"color: #00284a;\">Our Principles<\/span><\/span><\/h2>\n<p>[\/et_pb_text][\/et_pb_column][\/et_pb_row][et_pb_row module_class=&#8221;verium-custom-row-width&#8221; _builder_version=&#8221;4.27.4&#8243; _module_preset=&#8221;default&#8221; module_alignment=&#8221;center&#8221; scroll_vertical_motion=&#8221;0|50|50|100|4|0|0&#8243; motion_trigger_start=&#8221;top&#8221; global_colors_info=&#8221;{}&#8221;][et_pb_column type=&#8221;4_4&#8243; _builder_version=&#8221;4.27.4&#8243; _module_preset=&#8221;default&#8221; global_colors_info=&#8221;{}&#8221;][et_pb_text module_class=&#8221;verium-vertical-golden-line&#8221; _builder_version=&#8221;4.27.4&#8243; _module_preset=&#8221;default&#8221; header_4_text_color=&#8221;gcid-secondary-color&#8221; global_colors_info=&#8221;{%22gcid-secondary-color%22:%91%22header_4_text_color%22,%22header_5_text_color%22,%22header_5_text_color%22,%22header_5_text_color%22,%22header_4_text_color%22%93}&#8221;]<\/p>\n<h4>Our Commitment to Sustainable Investing<\/h4>\n<p>At Verium, sustainability is more than a principle. It\u2019s an integral part of our investment philosophy. We invest responsibly by aligning financial, social, and environmental factors. In doing so, we create sustainable value and shape a future-proof investment strategy<\/p>\n<p>[\/et_pb_text][\/et_pb_column][\/et_pb_row][et_pb_row module_class=&#8221;verium-custom-row-width&#8221; _builder_version=&#8221;4.27.4&#8243; _module_preset=&#8221;default&#8221; max_width=&#8221;1100px&#8221; module_alignment=&#8221;center&#8221; custom_padding=&#8221;3rem||||false|false&#8221; scroll_vertical_motion=&#8221;0|50|50|100|4|0|0&#8243; motion_trigger_start=&#8221;top&#8221; global_colors_info=&#8221;{}&#8221;][et_pb_column type=&#8221;4_4&#8243; _builder_version=&#8221;4.27.4&#8243; _module_preset=&#8221;default&#8221; global_colors_info=&#8221;{}&#8221;][et_pb_text module_class=&#8221;verium-vertical-golden-line&#8221; _builder_version=&#8221;4.27.4&#8243; _module_preset=&#8221;default&#8221; header_4_text_color=&#8221;gcid-secondary-color&#8221; global_colors_info=&#8221;{%22gcid-secondary-color%22:%91%22header_4_text_color%22,%22header_5_text_color%22,%22header_5_text_color%22,%22header_5_text_color%22,%22header_4_text_color%22%93}&#8221;]<\/p>\n<h4>Why Sustainability Matters<\/h4>\n<p>By integrating sustainability into our investment decisions, we reduce risk, avoid controversial business practices, and uncover high-value opportunities with a positive impact<\/p>\n<p>[\/et_pb_text][\/et_pb_column][\/et_pb_row][et_pb_row module_class=&#8221;verium-custom-row-width&#8221; _builder_version=&#8221;4.27.4&#8243; _module_preset=&#8221;default&#8221; max_width=&#8221;1100px&#8221; module_alignment=&#8221;center&#8221; custom_padding=&#8221;3rem||||false|false&#8221; scroll_vertical_motion=&#8221;0|50|50|100|4|0|0&#8243; motion_trigger_start=&#8221;top&#8221; global_colors_info=&#8221;{}&#8221;][et_pb_column type=&#8221;4_4&#8243; _builder_version=&#8221;4.27.4&#8243; _module_preset=&#8221;default&#8221; global_colors_info=&#8221;{}&#8221;][et_pb_text module_class=&#8221;verium-vertical-golden-line&#8221; _builder_version=&#8221;4.27.4&#8243; _module_preset=&#8221;default&#8221; header_4_text_color=&#8221;gcid-secondary-color&#8221; global_colors_info=&#8221;{%22gcid-secondary-color%22:%91%22header_4_text_color%22,%22header_5_text_color%22,%22header_5_text_color%22,%22header_5_text_color%22,%22header_4_text_color%22%93}&#8221;]<\/p>\n<h4>Sustainable &amp; Impact Investing at Verium<\/h4>\n<p>We help you integrate sustainability into your portfolio through:<\/p>\n<ul>\n<li>Comprehensive sustainability assessments for both direct and indirect investments<\/li>\n<li>Rigorous risk analysis, evaluating environmental, social, and governance (ESG) factors<\/li>\n<li>Proprietary impact assessments, ensuring that investments contribute to meaningful change<\/li>\n<\/ul>\n<p>If necessary, we define specific milestones to track progress and drive continuous improvement, ensuring your investments align with both profitability and purpose[\/et_pb_text][\/et_pb_column][\/et_pb_row][\/et_pb_section][et_pb_section fb_built=&#8221;1&#8243; _builder_version=&#8221;4.27.4&#8243; _module_preset=&#8221;default&#8221; background_enable_color=&#8221;off&#8221; custom_padding=&#8221;1px||||false|false&#8221; locked=&#8221;off&#8221; global_colors_info=&#8221;{%22gcid-46e8160b-c27b-45e8-a595-9f09588f5c5c%22:%91%22background_color%22%93}&#8221;][et_pb_row _builder_version=&#8221;4.27.4&#8243; _module_preset=&#8221;default&#8221; custom_padding=&#8221;||0px|||&#8221; global_colors_info=&#8221;{}&#8221;][et_pb_column type=&#8221;4_4&#8243; _builder_version=&#8221;4.27.4&#8243; _module_preset=&#8221;default&#8221; global_colors_info=&#8221;{}&#8221;][et_pb_text _builder_version=&#8221;4.27.4&#8243; _module_preset=&#8221;default&#8221; global_colors_info=&#8221;{}&#8221;]<\/p>\n<h2>Responsible Expert<\/h2>\n<p>[\/et_pb_text][\/et_pb_column][\/et_pb_row][et_pb_row column_structure=&#8221;3_4,1_4&#8243; module_class=&#8221;verium-custom-row-width&#8221; _builder_version=&#8221;4.27.4&#8243; _module_preset=&#8221;default&#8221; global_colors_info=&#8221;{}&#8221;][et_pb_column type=&#8221;3_4&#8243; _builder_version=&#8221;4.27.4&#8243; _module_preset=&#8221;default&#8221; global_colors_info=&#8221;{}&#8221;][et_pb_text _builder_version=&#8221;4.27.4&#8243; _module_preset=&#8221;default&#8221; global_colors_info=&#8221;{}&#8221;]<\/p>\n<p>\u00abSustainability is at the core of what we do. By integrating it into our investment strategy, we not only mitigate risks but also unlock high-value opportunities with positive impact, ensuring that your investments align with your beliefs and long-term vision.\u00bb<\/p>\n<p>[\/et_pb_text][\/et_pb_column][et_pb_column type=&#8221;1_4&#8243; _builder_version=&#8221;4.27.4&#8243; _module_preset=&#8221;default&#8221; global_colors_info=&#8221;{}&#8221;][et_pb_image src=&#8221;https:\/\/verium.ch\/wp-content\/uploads\/2024\/12\/andrea_weber.webp&#8221; title_text=&#8221;andrea_weber&#8221; url=&#8221;@ET-DC@eyJkeW5hbWljIjp0cnVlLCJjb250ZW50IjoicG9zdF9saW5rX3VybF90ZWFtIiwic2V0dGluZ3MiOnsicG9zdF9pZCI6IjUwMCJ9fQ==@&#8221; align=&#8221;center&#8221; _builder_version=&#8221;4.27.4&#8243; _dynamic_attributes=&#8221;url&#8221; _module_preset=&#8221;default&#8221; max_width=&#8221;220px&#8221; custom_margin=&#8221;||15px|||&#8221; global_colors_info=&#8221;{}&#8221;][\/et_pb_image][et_pb_text _builder_version=&#8221;4.27.4&#8243; _dynamic_attributes=&#8221;link_option_url&#8221; _module_preset=&#8221;default&#8221; text_font_size=&#8221;16px&#8221; text_line_height=&#8221;1.4em&#8221; text_orientation=&#8221;center&#8221; link_option_url=&#8221;@ET-DC@eyJkeW5hbWljIjp0cnVlLCJjb250ZW50IjoicG9zdF9saW5rX3VybF90ZWFtIiwic2V0dGluZ3MiOnsicG9zdF9pZCI6IjUwMCJ9fQ==@&#8221; hover_enabled=&#8221;0&#8243; global_colors_info=&#8221;{}&#8221; sticky_enabled=&#8221;0&#8243;]<\/p>\n<h6>Andrea Weber<\/h6>\n<p class=\"leading-tight\">Investment Director<\/p>\n<p>[\/et_pb_text][\/et_pb_column][\/et_pb_row][et_pb_row _builder_version=&#8221;4.27.4&#8243; _module_preset=&#8221;default&#8221; custom_padding=&#8221;0px||0px|||&#8221; global_colors_info=&#8221;{}&#8221;][et_pb_column type=&#8221;4_4&#8243; _builder_version=&#8221;4.27.4&#8243; _module_preset=&#8221;default&#8221; global_colors_info=&#8221;{}&#8221;][et_pb_button button_url=&#8221;@ET-DC@eyJkeW5hbWljIjp0cnVlLCJjb250ZW50IjoicG9zdF9saW5rX3VybF9wYWdlIiwic2V0dGluZ3MiOnsicG9zdF9pZCI6IjQ4In19@&#8221; button_text=&#8221;Entire Verium team&#8221; button_alignment=&#8221;center&#8221; _builder_version=&#8221;4.27.4&#8243; _dynamic_attributes=&#8221;button_url&#8221; _module_preset=&#8221;default&#8221; global_colors_info=&#8221;{}&#8221;][\/et_pb_button][\/et_pb_column][\/et_pb_row][\/et_pb_section]<\/p>\n","protected":false},"excerpt":{"rendered":"<p>Sustainability Investing Sustainably, Creating Lasting Value.Our PrinciplesOur Commitment to Sustainable Investing At Verium, sustainability is more than a principle. It\u2019s an integral part of our investment philosophy. We invest responsibly by aligning financial, social, and environmental factors. In doing so, we create sustainable value and shape a future-proof investment strategyWhy Sustainability Matters By integrating sustainability [&hellip;]<\/p>\n","protected":false},"author":1,"featured_media":0,"parent":0,"menu_order":0,"comment_status":"closed","ping_status":"closed","template":"","meta":{"_acf_changed":false,"_et_pb_use_builder":"on","_et_pb_old_content":"[et_pb_section fb_built=\"1\" module_class=\"verium-page-title-section\" _builder_version=\"4.27.4\" _module_preset=\"default\" locked=\"off\" global_colors_info=\"{}\"][et_pb_row _builder_version=\"4.27.4\" _module_preset=\"default\" global_colors_info=\"{}\"][et_pb_column type=\"4_4\" _builder_version=\"4.27.4\" _module_preset=\"default\" global_colors_info=\"{}\"][et_pb_heading title=\"@ET-DC@eyJkeW5hbWljIjp0cnVlLCJjb250ZW50IjoicG9zdF90aXRsZSIsInNldHRpbmdzIjp7ImJlZm9yZSI6IiIsImFmdGVyIjoiIn19@\" _builder_version=\"4.27.4\" _dynamic_attributes=\"title\" _module_preset=\"default\" global_colors_info=\"{}\"][\/et_pb_heading][\/et_pb_column][\/et_pb_row][\/et_pb_section][et_pb_section fb_built=\"1\" fullwidth=\"on\" _builder_version=\"4.27.4\" _module_preset=\"default\" locked=\"off\" global_colors_info=\"{}\"][et_pb_fullwidth_image src=\"https:\/\/verium.ch\/wp-content\/uploads\/2025\/01\/lay_pano_pass_chachauna_v20250110-scaled.jpg\" title_text=\"lay_pano_pass_chachauna_v20250110\" module_class=\"verium-img-min-height\" _builder_version=\"4.27.4\" _module_preset=\"default\" global_colors_info=\"{}\"][\/et_pb_fullwidth_image][\/et_pb_section][et_pb_section fb_built=\"1\" _builder_version=\"4.27.4\" _module_preset=\"default\" background_enable_color=\"off\" custom_padding=\"3rem||3rem||true|false\" locked=\"off\" global_colors_info=\"{}\"][et_pb_row _builder_version=\"4.27.4\" _module_preset=\"default\" custom_padding=\"||0px||false|false\" motion_trigger_start=\"top\" global_colors_info=\"{}\"][et_pb_column type=\"4_4\" _builder_version=\"4.27.4\" _module_preset=\"default\" global_colors_info=\"{}\"][et_pb_text _builder_version=\"4.27.4\" _module_preset=\"default\" global_colors_info=\"{}\"]<h2><span style=\"color: #af8a1e;\"><span style=\"color: #00284a;\">Unsere Prinzipien<\/span><\/span><\/h2>[\/et_pb_text][\/et_pb_column][\/et_pb_row][et_pb_row _builder_version=\"4.27.4\" _module_preset=\"default\" max_width=\"1100px\" module_alignment=\"center\" scroll_vertical_motion=\"0|50|50|100|4|0|0\" motion_trigger_start=\"top\" global_colors_info=\"{}\" custom_padding=\"||0px|||\"][et_pb_column type=\"4_4\" _builder_version=\"4.27.4\" _module_preset=\"default\" global_colors_info=\"{}\"][et_pb_text module_class=\"verium-vertical-golden-line\" _builder_version=\"4.27.4\" _module_preset=\"default\" header_4_text_color=\"gcid-secondary-color\" global_colors_info=\"{%22gcid-secondary-color%22:%91%22header_4_text_color%22,%22header_5_text_color%22,%22header_5_text_color%22%93}\"]<h4>Nachhaltiges Investieren mit Verium <\/h4>\r\nVerium setzt sich zum Ziel, langfristige Wertsteigerung f\u00fcr Kunden zu schaffen, welche finanzielle, soziale und umweltrelevante \u00dcberlegungen ausgewogen ber\u00fccksichtigen. Dies stellt den Kern nachhaltigen Unternehmertums dar und wird in unserer Gesamtinvestmentstrategie sowie den Anlageprozessen reflektiert.  <br>\r\nDie Integration von Nachhaltigkeits\u00fcberlegungen hilft uns im Rahmen der Investitionst\u00e4tigkeiten nicht nur dabei Anlagerisiken zu reduzieren und kontroverse Gesch\u00e4ftspraktiken und -t\u00e4tigkeiten zu vermeiden, sondern auch gezielt Opportunit\u00e4ten mit positivem Impact zu identifizieren. Die Unabh\u00e4ngigkeit von Verium, die breite Expertise im Privatmarkt-Segment sowie der langfristige Anlagehorizont bilden eine ideale Grundlage, um kundenspezifische Nachhaltigkeits- und Impactanforderungen erfolgreich umzusetzen. Zudem unterst\u00fctzen wir Kunden dabei, ihre pers\u00f6nlichen Werte und \u00dcberzeugungen in ihren Anlagenentscheidungen zu reflektieren und erfolgreiche Investitionen zu t\u00e4tigen. [\/et_pb_text][\/et_pb_column][\/et_pb_row][et_pb_row _builder_version=\"4.27.4\" _module_preset=\"default\" max_width=\"1100px\" module_alignment=\"center\" scroll_vertical_motion=\"0|50|50|100|4|0|0\" motion_trigger_start=\"top\" hover_enabled=\"0\" global_colors_info=\"{}\" custom_padding=\"3rem||||false|false\" sticky_enabled=\"0\"][et_pb_column type=\"4_4\" _builder_version=\"4.27.4\" _module_preset=\"default\" global_colors_info=\"{}\"][et_pb_text module_class=\"verium-vertical-golden-line\" _builder_version=\"4.27.4\" _module_preset=\"default\" header_4_text_color=\"gcid-secondary-color\" global_colors_info=\"{%22gcid-secondary-color%22:%91%22header_4_text_color%22,%22header_5_text_color%22,%22header_5_text_color%22,%22header_5_text_color%22,%22header_4_text_color%22%93}\"]<h4>Sustainable und Impact Investing Offering  <\/h4>\r\nWir unterst\u00fctzen unsere Kunden bei der Umsetzung von Nachhaltigkeits\u00fcberlegungen in der Anlagestrategie und f\u00fchren eine umfassende Investmentanalyse durch, in welcher Nachhaltigkeitsrisiken und -opportunit\u00e4ten reflektiert werden.  <br>\r\nSowohl f\u00fcr indirekte wie auch direkte Investmentopportunit\u00e4ten werden umfassende Nachhaltigkeits-Assessments durchgef\u00fchrt. Dabei werden sowohl Informationen zu ausgew\u00e4hlten Fondsmanagern als auch der Investitionsstrategie im Spezifischen eingeholt und analysiert. Die Analyse von Direktbeteiligungen umfasst sowohl ein Nachhaltigkeitsrisiko-Assessment inkl. der Bewertung der allgemeinen Nachhaltigkeitsstrategie sowie materieller Umwelt, Sozial- und Governancekriterien, als auch ein propriet\u00e4res Impact Assessment, welches die potentiell positiven Auswirkungen eines Gesch\u00e4ftsmodells beschreibt. Diese Erkenntnisse f\u00fchren zu einer abschliessenden Bewertung sowie -bei Bedarf- zur Definition konkreter Meilensteine, um k\u00fcnftige Verbesserungen zu erzielen. [\/et_pb_text][\/et_pb_column][\/et_pb_row][\/et_pb_section]","_et_gb_content_width":"","footnotes":""},"class_list":["post-3874","page","type-page","status-publish","hentry"],"acf":[],"yoast_head":"<!-- This site is optimized with the Yoast SEO plugin v26.4 - https:\/\/yoast.com\/wordpress\/plugins\/seo\/ -->\n<title>Sustainability | Verium AG<\/title>\n<meta name=\"robots\" content=\"index, follow, max-snippet:-1, max-image-preview:large, max-video-preview:-1\" \/>\n<link rel=\"canonical\" href=\"https:\/\/verium.ch\/en\/sustainability\/\" \/>\n<meta property=\"og:locale\" content=\"en_US\" \/>\n<meta property=\"og:type\" content=\"article\" \/>\n<meta property=\"og:title\" content=\"Sustainability | Verium AG\" \/>\n<meta property=\"og:description\" content=\"Sustainability Investing Sustainably, Creating Lasting Value.Our PrinciplesOur Commitment to Sustainable Investing At Verium, sustainability is more than a principle. It\u2019s an integral part of our investment philosophy. We invest responsibly by aligning financial, social, and environmental factors. In doing so, we create sustainable value and shape a future-proof investment strategyWhy Sustainability Matters By integrating sustainability [&hellip;]\" \/>\n<meta property=\"og:url\" content=\"https:\/\/verium.ch\/en\/sustainability\/\" \/>\n<meta property=\"og:site_name\" content=\"Verium AG\" \/>\n<meta property=\"article:modified_time\" content=\"2025-10-15T06:39:47+00:00\" \/>\n<meta property=\"og:image\" content=\"https:\/\/verium.ch\/wp-content\/uploads\/2025\/03\/Val_Chaschauna-scaled.webp\" \/>\n\t<meta property=\"og:image:width\" content=\"2560\" \/>\n\t<meta property=\"og:image:height\" content=\"1707\" \/>\n\t<meta property=\"og:image:type\" content=\"image\/webp\" \/>\n<meta name=\"twitter:card\" content=\"summary_large_image\" \/>\n<meta name=\"twitter:label1\" content=\"Est. reading time\" \/>\n\t<meta name=\"twitter:data1\" content=\"2 minutes\" \/>\n<script type=\"application\/ld+json\" class=\"yoast-schema-graph\">{\"@context\":\"https:\/\/schema.org\",\"@graph\":[{\"@type\":\"WebPage\",\"@id\":\"https:\/\/verium.ch\/en\/sustainability\/\",\"url\":\"https:\/\/verium.ch\/en\/sustainability\/\",\"name\":\"Sustainability | Verium AG\",\"isPartOf\":{\"@id\":\"https:\/\/verium.ch\/en\/#website\"},\"datePublished\":\"2025-01-21T13:17:33+00:00\",\"dateModified\":\"2025-10-15T06:39:47+00:00\",\"breadcrumb\":{\"@id\":\"https:\/\/verium.ch\/en\/sustainability\/#breadcrumb\"},\"inLanguage\":\"en-US\",\"potentialAction\":[{\"@type\":\"ReadAction\",\"target\":[\"https:\/\/verium.ch\/en\/sustainability\/\"]}]},{\"@type\":\"BreadcrumbList\",\"@id\":\"https:\/\/verium.ch\/en\/sustainability\/#breadcrumb\",\"itemListElement\":[{\"@type\":\"ListItem\",\"position\":1,\"name\":\"Startseite\",\"item\":\"https:\/\/verium.ch\/en\/\"},{\"@type\":\"ListItem\",\"position\":2,\"name\":\"Sustainability\"}]},{\"@type\":\"WebSite\",\"@id\":\"https:\/\/verium.ch\/en\/#website\",\"url\":\"https:\/\/verium.ch\/en\/\",\"name\":\"Verium AG\",\"description\":\"Gemeinsam unternehmerisch investieren.\",\"publisher\":{\"@id\":\"https:\/\/verium.ch\/en\/#organization\"},\"alternateName\":\"Verium\",\"potentialAction\":[{\"@type\":\"SearchAction\",\"target\":{\"@type\":\"EntryPoint\",\"urlTemplate\":\"https:\/\/verium.ch\/en\/?s={search_term_string}\"},\"query-input\":{\"@type\":\"PropertyValueSpecification\",\"valueRequired\":true,\"valueName\":\"search_term_string\"}}],\"inLanguage\":\"en-US\"},{\"@type\":\"Organization\",\"@id\":\"https:\/\/verium.ch\/en\/#organization\",\"name\":\"Verium AG\",\"alternateName\":\"Verium\",\"url\":\"https:\/\/verium.ch\/en\/\",\"logo\":{\"@type\":\"ImageObject\",\"inLanguage\":\"en-US\",\"@id\":\"https:\/\/verium.ch\/en\/#\/schema\/logo\/image\/\",\"url\":\"https:\/\/verium.ch\/wp-content\/uploads\/2024\/12\/verium-logo.svg\",\"contentUrl\":\"https:\/\/verium.ch\/wp-content\/uploads\/2024\/12\/verium-logo.svg\",\"width\":228,\"height\":46,\"caption\":\"Verium AG\"},\"image\":{\"@id\":\"https:\/\/verium.ch\/en\/#\/schema\/logo\/image\/\"},\"sameAs\":[\"https:\/\/www.linkedin.com\/company\/verium-ag\"]}]}<\/script>\n<!-- \/ Yoast SEO plugin. -->","yoast_head_json":{"title":"Sustainability | Verium AG","robots":{"index":"index","follow":"follow","max-snippet":"max-snippet:-1","max-image-preview":"max-image-preview:large","max-video-preview":"max-video-preview:-1"},"canonical":"https:\/\/verium.ch\/en\/sustainability\/","og_locale":"en_US","og_type":"article","og_title":"Sustainability | Verium AG","og_description":"Sustainability Investing Sustainably, Creating Lasting Value.Our PrinciplesOur Commitment to Sustainable Investing At Verium, sustainability is more than a principle. It\u2019s an integral part of our investment philosophy. We invest responsibly by aligning financial, social, and environmental factors. In doing so, we create sustainable value and shape a future-proof investment strategyWhy Sustainability Matters By integrating sustainability [&hellip;]","og_url":"https:\/\/verium.ch\/en\/sustainability\/","og_site_name":"Verium AG","article_modified_time":"2025-10-15T06:39:47+00:00","og_image":[{"width":2560,"height":1707,"url":"https:\/\/verium.ch\/wp-content\/uploads\/2025\/03\/Val_Chaschauna-scaled.webp","type":"image\/webp"}],"twitter_card":"summary_large_image","twitter_misc":{"Est. reading time":"2 minutes"},"schema":{"@context":"https:\/\/schema.org","@graph":[{"@type":"WebPage","@id":"https:\/\/verium.ch\/en\/sustainability\/","url":"https:\/\/verium.ch\/en\/sustainability\/","name":"Sustainability | Verium AG","isPartOf":{"@id":"https:\/\/verium.ch\/en\/#website"},"datePublished":"2025-01-21T13:17:33+00:00","dateModified":"2025-10-15T06:39:47+00:00","breadcrumb":{"@id":"https:\/\/verium.ch\/en\/sustainability\/#breadcrumb"},"inLanguage":"en-US","potentialAction":[{"@type":"ReadAction","target":["https:\/\/verium.ch\/en\/sustainability\/"]}]},{"@type":"BreadcrumbList","@id":"https:\/\/verium.ch\/en\/sustainability\/#breadcrumb","itemListElement":[{"@type":"ListItem","position":1,"name":"Startseite","item":"https:\/\/verium.ch\/en\/"},{"@type":"ListItem","position":2,"name":"Sustainability"}]},{"@type":"WebSite","@id":"https:\/\/verium.ch\/en\/#website","url":"https:\/\/verium.ch\/en\/","name":"Verium AG","description":"Gemeinsam unternehmerisch investieren.","publisher":{"@id":"https:\/\/verium.ch\/en\/#organization"},"alternateName":"Verium","potentialAction":[{"@type":"SearchAction","target":{"@type":"EntryPoint","urlTemplate":"https:\/\/verium.ch\/en\/?s={search_term_string}"},"query-input":{"@type":"PropertyValueSpecification","valueRequired":true,"valueName":"search_term_string"}}],"inLanguage":"en-US"},{"@type":"Organization","@id":"https:\/\/verium.ch\/en\/#organization","name":"Verium AG","alternateName":"Verium","url":"https:\/\/verium.ch\/en\/","logo":{"@type":"ImageObject","inLanguage":"en-US","@id":"https:\/\/verium.ch\/en\/#\/schema\/logo\/image\/","url":"https:\/\/verium.ch\/wp-content\/uploads\/2024\/12\/verium-logo.svg","contentUrl":"https:\/\/verium.ch\/wp-content\/uploads\/2024\/12\/verium-logo.svg","width":228,"height":46,"caption":"Verium AG"},"image":{"@id":"https:\/\/verium.ch\/en\/#\/schema\/logo\/image\/"},"sameAs":["https:\/\/www.linkedin.com\/company\/verium-ag"]}]}},"_links":{"self":[{"href":"https:\/\/verium.ch\/en\/wp-json\/wp\/v2\/pages\/3874","targetHints":{"allow":["GET"]}}],"collection":[{"href":"https:\/\/verium.ch\/en\/wp-json\/wp\/v2\/pages"}],"about":[{"href":"https:\/\/verium.ch\/en\/wp-json\/wp\/v2\/types\/page"}],"author":[{"embeddable":true,"href":"https:\/\/verium.ch\/en\/wp-json\/wp\/v2\/users\/1"}],"replies":[{"embeddable":true,"href":"https:\/\/verium.ch\/en\/wp-json\/wp\/v2\/comments?post=3874"}],"version-history":[{"count":38,"href":"https:\/\/verium.ch\/en\/wp-json\/wp\/v2\/pages\/3874\/revisions"}],"predecessor-version":[{"id":6736,"href":"https:\/\/verium.ch\/en\/wp-json\/wp\/v2\/pages\/3874\/revisions\/6736"}],"wp:attachment":[{"href":"https:\/\/verium.ch\/en\/wp-json\/wp\/v2\/media?parent=3874"}],"curies":[{"name":"wp","href":"https:\/\/api.w.org\/{rel}","templated":true}]}}