{"id":3850,"date":"2024-12-13T12:40:43","date_gmt":"2024-12-13T10:40:43","guid":{"rendered":"https:\/\/verium.ch\/?page_id=3850"},"modified":"2025-07-31T08:30:54","modified_gmt":"2025-07-31T06:30:54","slug":"imprint","status":"publish","type":"page","link":"https:\/\/verium.ch\/en\/imprint\/","title":{"rendered":"Imprint"},"content":{"rendered":"<p>[et_pb_section fb_built=&#8221;1&#8243; _builder_version=&#8221;4.27.4&#8243; _module_preset=&#8221;default&#8221; custom_padding=&#8221;||60px|||&#8221; global_colors_info=&#8221;{}&#8221;][et_pb_row column_structure=&#8221;1_5,3_5,1_5&#8243; _builder_version=&#8221;4.27.4&#8243; _module_preset=&#8221;default&#8221; global_colors_info=&#8221;{}&#8221;][et_pb_column type=&#8221;1_5&#8243; _builder_version=&#8221;4.27.4&#8243; _module_preset=&#8221;default&#8221; global_colors_info=&#8221;{}&#8221;][\/et_pb_column][et_pb_column type=&#8221;3_5&#8243; _builder_version=&#8221;4.27.4&#8243; _module_preset=&#8221;default&#8221; global_colors_info=&#8221;{}&#8221;][et_pb_heading title=&#8221;Imprint&#8221; _builder_version=&#8221;4.27.4&#8243; _module_preset=&#8221;default&#8221; custom_margin=&#8221;||60px|||&#8221; global_colors_info=&#8221;{}&#8221;][\/et_pb_heading][et_pb_text _builder_version=&#8221;4.27.4&#8243; _module_preset=&#8221;default&#8221; custom_margin=&#8221;||60px|||&#8221; global_colors_info=&#8221;{}&#8221;]<\/p>\n<h3>Disclaimer<\/h3>\n<p>You are visiting the website of Verium Ltd (hereinafter referred to as Verium).<\/p>\n<p>The contents of this website are intended exclusively for information purposes. It is possible that the services and products presented here might not be available or suitable for you or that others also exist on the market that are potentially better suited to you. The information provided therefore does not by itself offer a reliable basis for investment and other decisions. The facts and opinions contained on the website can change at any time without advance notice.<\/p>\n<p>The website can contain forward-looking statements. Such forecasts reflect the opinions and future expectations of Verium at the time of publication; however, various factors can cause the actual developments to deviate significantly from these expectations. Verium is not obliged to update or amend such forward-looking statements, be this due to new findings or for other reasons.<\/p>\n<p>Past performance offers no indication or guarantee for future developments.<\/p>\n<p>Verium endeavours to ensure that the contents of this website are up-to-date, complete and correct but accepts no liability (including liability towards third parties) arising from the use or non-use of the information presented.<\/p>\n<p>The third-party websites linked to this website have not been checked and Verium accepts no liability for their contents. The same applies to websites containing links to the website of Verium.<\/p>\n<p>Verium cannot guarantee that this website will be free from malware (viruses etc.) at all times. All liability for damages of a direct or indirect nature is disclaimed.<\/p>\n<p>All contents of this website are protected by copyright and constitute the property of Verium. Further use of the contents presented is only permitted after obtaining the prior written consent of Verium. All rights to these contents remain reserved.<\/p>\n<p>We recommend seeking further consultation to obtain additional information; this website does not replace a discussion with an advisor.[\/et_pb_text][et_pb_text _builder_version=&#8221;4.27.4&#8243; _module_preset=&#8221;default&#8221; custom_margin=&#8221;||61px|||&#8221; global_colors_info=&#8221;{}&#8221;]<\/p>\n<h3>Content<\/h3>\n<p>Verium AG<br \/>Utoquai 55<br \/>8008 Z\u00fcrich<\/p>\n<p>Phone: +41 44 269 60 90<br \/>E-Mail<span>\u00a0<\/span><a href=\"mailto:info@verium.ch\">info@verium.ch<\/a><\/p>\n<p>[\/et_pb_text][et_pb_text _builder_version=&#8221;4.27.4&#8243; _module_preset=&#8221;default&#8221; hover_enabled=&#8221;0&#8243; global_colors_info=&#8221;{}&#8221; sticky_enabled=&#8221;0&#8243;]<\/p>\n<h3>Design, Concept, Development &amp; Hosting<\/h3>\n<p>avency GmbH<br \/>Hauptstrasse 108<br \/>D-48346 Ostbevern<\/p>\n<p>Phone:<a href=\"tel:+49253295090\">+49 2532 9509-0<\/a><br \/>Fax: +49 2532 9509-199<\/p>\n<p>E-Mail: <a href=\"mailto:info@avency.de\">info@avency.de<\/a><br \/>Website: <a href=\"https:\/\/www.avency.de\/\" target=\"_blank\" rel=\"noopener\">www.avency.de<\/a><\/p>\n<p>[\/et_pb_text][et_pb_text disabled_on=&#8221;on|on|on&#8221; _builder_version=&#8221;4.27.4&#8243; _module_preset=&#8221;default&#8221; disabled=&#8221;on&#8221; global_colors_info=&#8221;{}&#8221;]<\/p>\n<h3>Copyright notice<\/h3>\n<p>The following photos are the sole property of Hans-J\u00f6rg Zingg (<a href=\"https:\/\/www.rockborn.ch\/\">rockborn.ch<\/a>):<\/p>\n<ul>\n<li>Home: Border \/ Tryptychon Lago Bianco<\/li>\n<li>Direct Investments: Bernina \/ Border<\/li>\n<li>Wealth Management: Stilfser Joch<\/li>\n<li>Family Office: Albula \/ Umbrail<\/li>\n<\/ul>\n<p>Any use of these photos without a written agreement with Hans-J\u00f6rg Zingg is prohibited.<\/p>\n<p>[\/et_pb_text][\/et_pb_column][et_pb_column type=&#8221;1_5&#8243; _builder_version=&#8221;4.27.4&#8243; _module_preset=&#8221;default&#8221; global_colors_info=&#8221;{}&#8221;][\/et_pb_column][\/et_pb_row][\/et_pb_section]<\/p>\n","protected":false},"excerpt":{"rendered":"<p>Disclaimer You are visiting the website of Verium Ltd (hereinafter referred to as Verium). The contents of this website are intended exclusively for information purposes. It is possible that the services and products presented here might not be available or suitable for you or that others also exist on the market that are potentially better [&hellip;]<\/p>\n","protected":false},"author":1,"featured_media":0,"parent":0,"menu_order":0,"comment_status":"closed","ping_status":"closed","template":"","meta":{"_acf_changed":false,"_et_pb_use_builder":"on","_et_pb_old_content":"[et_pb_section fb_built=\"1\" _builder_version=\"4.27.4\" _module_preset=\"default\" custom_padding=\"||60px|||\" global_colors_info=\"{}\"][et_pb_row column_structure=\"1_5,3_5,1_5\" _builder_version=\"4.27.4\" _module_preset=\"default\" global_colors_info=\"{}\"][et_pb_column type=\"1_5\" _builder_version=\"4.27.4\" _module_preset=\"default\" global_colors_info=\"{}\"][\/et_pb_column][et_pb_column type=\"3_5\" _builder_version=\"4.27.4\" _module_preset=\"default\" global_colors_info=\"{}\"][et_pb_heading title=\"Impressum\" _builder_version=\"4.27.4\" _module_preset=\"default\" custom_margin=\"||60px|||\" global_colors_info=\"{}\"][\/et_pb_heading][et_pb_text _builder_version=\"4.27.4\" _module_preset=\"default\" custom_margin=\"||60px|||\" global_colors_info=\"{}\"]<h3>Disclaimer<\/h3>\r\n<p>Sie befinden sich auf der Website der Verium AG (nachfolgend Verium).<\/p>\r\n<p>Die auf dieser Website enthaltenen Informationen dienen ausschliesslich der Information und stellen keinen Anspruch auf Vollst\u00e4ndigkeit oder Aktualit\u00e4t. Es ist m\u00f6glich, dass die hier dargestellten Dienstleistungen f\u00fcr Sie nicht verf\u00fcgbar oder geeignet sind bzw. auf dem Markt auch andere existieren, die m\u00f6glicherweise besser f\u00fcr Sie geeignet sind. Die zur Verf\u00fcgung gestellten Informationen sind deshalb f\u00fcr sich allein keine zuverl\u00e4ssige Basis f\u00fcr irgendwelche Entscheide. Die auf der Website enthaltenen Fakten und Meinungen k\u00f6nnen jederzeit und ohne vorherige Ank\u00fcndigung \u00e4ndern.<\/p>\r\n<p>Die Website kann in die Zukunft gerichtete Aussagen enthalten. Solche Prognosen widerspiegeln die Meinungen und die Zukunftserwartungen von Verium bei Ver\u00f6ffentlichung; unterschiedliche Faktoren k\u00f6nnen jedoch dazu f\u00fchren, dass die tats\u00e4chlichen Entwicklungen erheblich von diesen Erwartungen abweichen. Verium ist nicht verpflichtet, solche in die Zukunft gerichteten Aussagen zu aktualisieren oder zu \u00e4ndern, sei es aufgrund neuer Erkenntnisse oder aus anderen Gr\u00fcnden.<\/p>\r\n<p>Entwicklungen in der Vergangenheit sind keine Indikation oder Garantie f\u00fcr zuk\u00fcnftige Entwicklungen.<\/p>\r\n<p>Verium bem\u00fcht sich um Aktualit\u00e4t, Vollst\u00e4ndigkeit und Korrektheit der Inhalte dieser Website, lehnt aber jede Haftung (Einschliesslich der Haftung gegen\u00fcber Dritten) ab, die sich aus der Nutzung oder Nichtnutzung der dargebotenen Informationen ergeben kann.<\/p>\r\n<p>Die mit dieser Website verlinkten Websites Dritter wurden nicht gepr\u00fcft und Verium \u00fcbernimmt f\u00fcr deren Inhalte keine Verantwortung. Gleiches gilt f\u00fcr Websites, welche Links auf die Website von Verium enthalten.<\/p>\r\n<p>Verium kann nicht daf\u00fcr garantieren, dass diese Website jederzeit frei von Schadprogrammen (Viren u.\u00e4.) ist. Jegliche Haftung f\u00fcr Sch\u00e4den direkter oder indirekter Art wird abgelehnt.<\/p>\r\n<p>S\u00e4mtliche Inhalte dieser Website sind urheberrechtlich gesch\u00fctzt und stellen Eigentum von Verium oder den jeweiligen dritten Rechteinhabern dar. Die weitere Verwendung der dargestellten Inhalte ist nur nach einer vorherigen, schriftlichen Erlaubnis seitens Verium oder den jeweiligen dritten Rechtinhabern gestattet.<\/p>\r\n<p>F\u00fcr zus\u00e4tzliche Informationen empfehlen wir eine weiterf\u00fchrende Beratung; diese Webseite ersetzt kein Gespr\u00e4ch mit Ihrem Berater.<\/p>[\/et_pb_text][et_pb_text _builder_version=\"4.27.4\" _module_preset=\"default\" custom_margin=\"||61px|||\" global_colors_info=\"{}\"]<h3>Inhalte<\/h3>\r\n<p>Verium AG<br \/>Utoquai 55<br \/>8008 Z\u00fcrich<\/p>\r\n<p>Telefon +41 44 269 60 90<br \/>E-Mail<span>\u00a0<\/span><a href=\"mailto:info@verium.ch\">info@verium.ch<\/a><\/p>[\/et_pb_text][et_pb_text _builder_version=\"4.27.4\" _module_preset=\"default\" global_colors_info=\"{}\"]<h3>Design, Konzept, Programmierung & Hosting<\/h3>\r\n<p>avency GmbH<br \/>Telgter Stra\u00dfe 12<br \/>D-48346 Ostbevern<\/p>\r\n<p>Telefon:<a href=\"tel:+49253295090\">+49 2532 9509-0<\/a><br \/>Fax: +49 2532 9509-199<\/p>\r\n<p>E-Mail: <a href=\"mailto:info@avency.de\">info@avency.de<\/a><br \/>Internet: <a href=\"https:\/\/www.avency.de\/\" target=\"_blank\" rel=\"noopener\">www.avency.de<\/a><\/p>[\/et_pb_text][et_pb_text _builder_version=\"4.27.4\" _module_preset=\"default\" global_colors_info=\"{}\"]<h3>Weitere Copyright-Hinweise<\/h3>\r\n<p>Die folgenden Fotos sind Eigentum von Hans-J\u00f6rg Zingg (<a href=\"https:\/\/www.rockborn.ch\/\">rockborn.ch<\/a>):<\/p>\r\n<ul>\r\n<li>Home: Border \/ Tryptychon Lago Bianco<\/li>\r\n<li>Direct Investments: Bernina \/ Border<\/li>\r\n<li>Wealth Management: Stilfser Joch<\/li>\r\n<li>Family Office: Albula \/ Umbrail<\/li>\r\n<\/ul>\r\n<p>Jegliche Verwendung der Bilder ohne eine schriftliche Vereinbarung mit Hans-J\u00f6rg Zingg ist untersagt.<\/p>[\/et_pb_text][\/et_pb_column][et_pb_column type=\"1_5\" _builder_version=\"4.27.4\" _module_preset=\"default\" global_colors_info=\"{}\"][\/et_pb_column][\/et_pb_row][\/et_pb_section]","_et_gb_content_width":"","footnotes":""},"class_list":["post-3850","page","type-page","status-publish","hentry"],"acf":[],"yoast_head":"<!-- This site is optimized with the Yoast SEO plugin v26.4 - https:\/\/yoast.com\/wordpress\/plugins\/seo\/ -->\n<title>Imprint | Verium AG<\/title>\n<meta name=\"robots\" content=\"index, follow, max-snippet:-1, max-image-preview:large, max-video-preview:-1\" \/>\n<link rel=\"canonical\" href=\"https:\/\/verium.ch\/en\/imprint\/\" \/>\n<meta property=\"og:locale\" content=\"en_US\" \/>\n<meta property=\"og:type\" content=\"article\" \/>\n<meta property=\"og:title\" content=\"Imprint | Verium AG\" \/>\n<meta property=\"og:description\" content=\"Disclaimer You are visiting the website of Verium Ltd (hereinafter referred to as Verium). The contents of this website are intended exclusively for information purposes. It is possible that the services and products presented here might not be available or suitable for you or that others also exist on the market that are potentially better [&hellip;]\" \/>\n<meta property=\"og:url\" content=\"https:\/\/verium.ch\/en\/imprint\/\" \/>\n<meta property=\"og:site_name\" content=\"Verium AG\" \/>\n<meta property=\"article:modified_time\" content=\"2025-07-31T06:30:54+00:00\" \/>\n<meta property=\"og:image\" content=\"https:\/\/verium.ch\/wp-content\/uploads\/2025\/03\/Val_Chaschauna-scaled.webp\" \/>\n\t<meta property=\"og:image:width\" content=\"2560\" \/>\n\t<meta property=\"og:image:height\" content=\"1707\" \/>\n\t<meta property=\"og:image:type\" content=\"image\/webp\" \/>\n<meta name=\"twitter:card\" content=\"summary_large_image\" \/>\n<meta name=\"twitter:label1\" content=\"Est. reading time\" \/>\n\t<meta name=\"twitter:data1\" content=\"2 minutes\" \/>\n<script type=\"application\/ld+json\" class=\"yoast-schema-graph\">{\"@context\":\"https:\/\/schema.org\",\"@graph\":[{\"@type\":\"WebPage\",\"@id\":\"https:\/\/verium.ch\/en\/imprint\/\",\"url\":\"https:\/\/verium.ch\/en\/imprint\/\",\"name\":\"Imprint | Verium AG\",\"isPartOf\":{\"@id\":\"https:\/\/verium.ch\/en\/#website\"},\"datePublished\":\"2024-12-13T10:40:43+00:00\",\"dateModified\":\"2025-07-31T06:30:54+00:00\",\"breadcrumb\":{\"@id\":\"https:\/\/verium.ch\/en\/imprint\/#breadcrumb\"},\"inLanguage\":\"en-US\",\"potentialAction\":[{\"@type\":\"ReadAction\",\"target\":[\"https:\/\/verium.ch\/en\/imprint\/\"]}]},{\"@type\":\"BreadcrumbList\",\"@id\":\"https:\/\/verium.ch\/en\/imprint\/#breadcrumb\",\"itemListElement\":[{\"@type\":\"ListItem\",\"position\":1,\"name\":\"Startseite\",\"item\":\"https:\/\/verium.ch\/en\/\"},{\"@type\":\"ListItem\",\"position\":2,\"name\":\"Imprint\"}]},{\"@type\":\"WebSite\",\"@id\":\"https:\/\/verium.ch\/en\/#website\",\"url\":\"https:\/\/verium.ch\/en\/\",\"name\":\"Verium AG\",\"description\":\"Gemeinsam unternehmerisch investieren.\",\"publisher\":{\"@id\":\"https:\/\/verium.ch\/en\/#organization\"},\"alternateName\":\"Verium\",\"potentialAction\":[{\"@type\":\"SearchAction\",\"target\":{\"@type\":\"EntryPoint\",\"urlTemplate\":\"https:\/\/verium.ch\/en\/?s={search_term_string}\"},\"query-input\":{\"@type\":\"PropertyValueSpecification\",\"valueRequired\":true,\"valueName\":\"search_term_string\"}}],\"inLanguage\":\"en-US\"},{\"@type\":\"Organization\",\"@id\":\"https:\/\/verium.ch\/en\/#organization\",\"name\":\"Verium AG\",\"alternateName\":\"Verium\",\"url\":\"https:\/\/verium.ch\/en\/\",\"logo\":{\"@type\":\"ImageObject\",\"inLanguage\":\"en-US\",\"@id\":\"https:\/\/verium.ch\/en\/#\/schema\/logo\/image\/\",\"url\":\"https:\/\/verium.ch\/wp-content\/uploads\/2024\/12\/verium-logo.svg\",\"contentUrl\":\"https:\/\/verium.ch\/wp-content\/uploads\/2024\/12\/verium-logo.svg\",\"width\":228,\"height\":46,\"caption\":\"Verium AG\"},\"image\":{\"@id\":\"https:\/\/verium.ch\/en\/#\/schema\/logo\/image\/\"},\"sameAs\":[\"https:\/\/www.linkedin.com\/company\/verium-ag\"]}]}<\/script>\n<!-- \/ Yoast SEO plugin. -->","yoast_head_json":{"title":"Imprint | Verium AG","robots":{"index":"index","follow":"follow","max-snippet":"max-snippet:-1","max-image-preview":"max-image-preview:large","max-video-preview":"max-video-preview:-1"},"canonical":"https:\/\/verium.ch\/en\/imprint\/","og_locale":"en_US","og_type":"article","og_title":"Imprint | Verium AG","og_description":"Disclaimer You are visiting the website of Verium Ltd (hereinafter referred to as Verium). The contents of this website are intended exclusively for information purposes. It is possible that the services and products presented here might not be available or suitable for you or that others also exist on the market that are potentially better [&hellip;]","og_url":"https:\/\/verium.ch\/en\/imprint\/","og_site_name":"Verium AG","article_modified_time":"2025-07-31T06:30:54+00:00","og_image":[{"width":2560,"height":1707,"url":"https:\/\/verium.ch\/wp-content\/uploads\/2025\/03\/Val_Chaschauna-scaled.webp","type":"image\/webp"}],"twitter_card":"summary_large_image","twitter_misc":{"Est. reading time":"2 minutes"},"schema":{"@context":"https:\/\/schema.org","@graph":[{"@type":"WebPage","@id":"https:\/\/verium.ch\/en\/imprint\/","url":"https:\/\/verium.ch\/en\/imprint\/","name":"Imprint | Verium AG","isPartOf":{"@id":"https:\/\/verium.ch\/en\/#website"},"datePublished":"2024-12-13T10:40:43+00:00","dateModified":"2025-07-31T06:30:54+00:00","breadcrumb":{"@id":"https:\/\/verium.ch\/en\/imprint\/#breadcrumb"},"inLanguage":"en-US","potentialAction":[{"@type":"ReadAction","target":["https:\/\/verium.ch\/en\/imprint\/"]}]},{"@type":"BreadcrumbList","@id":"https:\/\/verium.ch\/en\/imprint\/#breadcrumb","itemListElement":[{"@type":"ListItem","position":1,"name":"Startseite","item":"https:\/\/verium.ch\/en\/"},{"@type":"ListItem","position":2,"name":"Imprint"}]},{"@type":"WebSite","@id":"https:\/\/verium.ch\/en\/#website","url":"https:\/\/verium.ch\/en\/","name":"Verium AG","description":"Gemeinsam unternehmerisch investieren.","publisher":{"@id":"https:\/\/verium.ch\/en\/#organization"},"alternateName":"Verium","potentialAction":[{"@type":"SearchAction","target":{"@type":"EntryPoint","urlTemplate":"https:\/\/verium.ch\/en\/?s={search_term_string}"},"query-input":{"@type":"PropertyValueSpecification","valueRequired":true,"valueName":"search_term_string"}}],"inLanguage":"en-US"},{"@type":"Organization","@id":"https:\/\/verium.ch\/en\/#organization","name":"Verium AG","alternateName":"Verium","url":"https:\/\/verium.ch\/en\/","logo":{"@type":"ImageObject","inLanguage":"en-US","@id":"https:\/\/verium.ch\/en\/#\/schema\/logo\/image\/","url":"https:\/\/verium.ch\/wp-content\/uploads\/2024\/12\/verium-logo.svg","contentUrl":"https:\/\/verium.ch\/wp-content\/uploads\/2024\/12\/verium-logo.svg","width":228,"height":46,"caption":"Verium AG"},"image":{"@id":"https:\/\/verium.ch\/en\/#\/schema\/logo\/image\/"},"sameAs":["https:\/\/www.linkedin.com\/company\/verium-ag"]}]}},"_links":{"self":[{"href":"https:\/\/verium.ch\/en\/wp-json\/wp\/v2\/pages\/3850","targetHints":{"allow":["GET"]}}],"collection":[{"href":"https:\/\/verium.ch\/en\/wp-json\/wp\/v2\/pages"}],"about":[{"href":"https:\/\/verium.ch\/en\/wp-json\/wp\/v2\/types\/page"}],"author":[{"embeddable":true,"href":"https:\/\/verium.ch\/en\/wp-json\/wp\/v2\/users\/1"}],"replies":[{"embeddable":true,"href":"https:\/\/verium.ch\/en\/wp-json\/wp\/v2\/comments?post=3850"}],"version-history":[{"count":9,"href":"https:\/\/verium.ch\/en\/wp-json\/wp\/v2\/pages\/3850\/revisions"}],"predecessor-version":[{"id":6588,"href":"https:\/\/verium.ch\/en\/wp-json\/wp\/v2\/pages\/3850\/revisions\/6588"}],"wp:attachment":[{"href":"https:\/\/verium.ch\/en\/wp-json\/wp\/v2\/media?parent=3850"}],"curies":[{"name":"wp","href":"https:\/\/api.w.org\/{rel}","templated":true}]}}